{"id":1368,"date":"2016-02-10T00:41:30","date_gmt":"2016-02-09T23:41:30","guid":{"rendered":"http:\/\/4indiewelt.de\/?page_id=1368"},"modified":"2023-03-08T22:04:39","modified_gmt":"2023-03-08T21:04:39","slug":"impressum","status":"publish","type":"page","link":"https:\/\/4indiewelt.de\/?page_id=1368","title":{"rendered":"Impressum"},"content":{"rendered":"<p>Verantwortlich f\u00fcr diese Webseite sind:<\/p>\n<p>Klaus Balthes<br \/>\nIm Winkel 11<br \/>\n79599 Wittlingen<br \/>\nDeutschland<\/p>\n<p>E-Mail: post(at)4indiewelt(punkt)de<\/p>\n<p>Konzeption und Umsetzung des Blogs: Klaus Balthes<\/p>\n<p>Der Nutzung dieser im Rahmen der Impressumspflicht ver\u00f6ffentlichten Kontaktdaten durch Dritte zur \u00dcbersendung von nicht ausdr\u00fccklich angeforderter Werbung und Informationsmaterialien wird hiermit ausdr\u00fccklich widersprochen. Die Betreiber der Seiten behalten sich ausdr\u00fccklich rechtliche Schritte im Falle der unverlangten Zusendung von Werbeinformationen, etwa durch Spam-Mails, vor.<\/p>\n<p><strong>Datenschutz<\/strong><\/p>\n<p>Die durch die Seitenbetreiber erstellten Inhalte und Werke auf diesen Seiten unterliegen dem deutschen Urheberrecht. Die Vervielf\u00e4ltigung, Bearbeitung, Verbreitung und jede Art der Verwertung au\u00dferhalb der Grenzen des Urheberrechtes bed\u00fcrfen der schriftlichen Zustimmung des jeweiligen Autors bzw. Erstellers. Downloads und Kopien dieser Seite sind nur f\u00fcr den privaten, nicht kommerziellen Gebrauch gestattet. Soweit die Inhalte auf dieser Seite nicht vom Betreiber erstellt wurden, werden die Urheberrechte Dritter beachtet. Insbesondere werden Inhalte Dritter als solche gekennzeichnet. Solltest Du trotzdem auf eine Urheberrechtsverletzung aufmerksam werden, bitte ich um einen entsprechenden Hinweis.<br \/>\nBei Bekanntwerden von Rechtsverletzungen werde ich derartige Inhalte umgehend entfernen.<\/p>\n","protected":false},"excerpt":{"rendered":"<p>Verantwortlich f\u00fcr diese Webseite sind: Klaus Balthes Im Winkel 11 79599 Wittlingen Deutschland E-Mail: post(at)4indiewelt(punkt)de Konzeption und Umsetzung des Blogs: Klaus Balthes Der Nutzung dieser im Rahmen der Impressumspflicht ver\u00f6ffentlichten Kontaktdaten durch Dritte zur \u00dcbersendung von nicht ausdr\u00fccklich angeforderter Werbung und Informationsmaterialien wird hiermit ausdr\u00fccklich widersprochen. Die Betreiber der Seiten behalten sich ausdr\u00fccklich rechtliche Schritte [&hellip;]<\/p>\n","protected":false},"author":1,"featured_media":1376,"parent":0,"menu_order":0,"comment_status":"open","ping_status":"closed","template":"","meta":{"jetpack_post_was_ever_published":false},"tags":[],"_links":{"self":[{"href":"https:\/\/4indiewelt.de\/index.php?rest_route=\/wp\/v2\/pages\/1368"}],"collection":[{"href":"https:\/\/4indiewelt.de\/index.php?rest_route=\/wp\/v2\/pages"}],"about":[{"href":"https:\/\/4indiewelt.de\/index.php?rest_route=\/wp\/v2\/types\/page"}],"author":[{"embeddable":true,"href":"https:\/\/4indiewelt.de\/index.php?rest_route=\/wp\/v2\/users\/1"}],"replies":[{"embeddable":true,"href":"https:\/\/4indiewelt.de\/index.php?rest_route=%2Fwp%2Fv2%2Fcomments&post=1368"}],"version-history":[{"count":5,"href":"https:\/\/4indiewelt.de\/index.php?rest_route=\/wp\/v2\/pages\/1368\/revisions"}],"predecessor-version":[{"id":2523,"href":"https:\/\/4indiewelt.de\/index.php?rest_route=\/wp\/v2\/pages\/1368\/revisions\/2523"}],"wp:featuredmedia":[{"embeddable":true,"href":"https:\/\/4indiewelt.de\/index.php?rest_route=\/wp\/v2\/media\/1376"}],"wp:attachment":[{"href":"https:\/\/4indiewelt.de\/index.php?rest_route=%2Fwp%2Fv2%2Fmedia&parent=1368"}],"wp:term":[{"taxonomy":"post_tag","embeddable":true,"href":"https:\/\/4indiewelt.de\/index.php?rest_route=%2Fwp%2Fv2%2Ftags&post=1368"}],"curies":[{"name":"wp","href":"https:\/\/api.w.org\/{rel}","templated":true}]}}